{"id":153,"date":"2026-03-22T12:02:01","date_gmt":"2026-03-22T12:02:01","guid":{"rendered":"https:\/\/culturefinances.com\/?page_id=153"},"modified":"2026-03-22T12:04:23","modified_gmt":"2026-03-22T12:04:23","slug":"mentions-legales","status":"publish","type":"page","link":"https:\/\/culturefinances.com\/index.php\/mentions-legales\/","title":{"rendered":"Mentions l\u00e9gales"},"content":{"rendered":"\n<div style=\"height:39px\" aria-hidden=\"true\" class=\"wp-block-spacer\"><\/div>\n\n\n\n<h2 class=\"wp-block-heading\">\u00c9diteur du site<\/h2>\n\n\n\n<p>Le pr\u00e9sent site est \u00e9dit\u00e9 par une personne physique.<\/p>\n\n\n\n<p>Conform\u00e9ment \u00e0 l\u2019article 6 III-2 de la loi n\u00b02004-575 du 21 juin 2004 pour la confiance dans l\u2019\u00e9conomie num\u00e9rique (LCEN), l\u2019identit\u00e9 de l\u2019\u00e9diteur a \u00e9t\u00e9 communiqu\u00e9e \u00e0 l\u2019h\u00e9bergeur du site.<\/p>\n\n\n\n<p>Pour toute demande, vous pouvez contacter l\u2019\u00e9diteur \u00e0 l\u2019adresse suivante : contact@culturefinances.com<\/p>\n\n\n\n<hr class=\"wp-block-separator has-alpha-channel-opacity\"\/>\n\n\n\n<h2 class=\"wp-block-heading\">H\u00e9bergement<\/h2>\n\n\n\n<p>Le site est h\u00e9berg\u00e9 par :<\/p>\n\n\n\n<p>OVHcloud<br>SAS au capital de 50 000 000 \u20ac<br>RCS Lille M\u00e9tropole 424 761 419 00045<br>Si\u00e8ge social : 2 rue Kellermann \u2013 59100 Roubaix \u2013 France<br>T\u00e9l\u00e9phone : 1007<\/p>\n\n\n\n<hr class=\"wp-block-separator has-alpha-channel-opacity\"\/>\n\n\n\n<h2 class=\"wp-block-heading\">Propri\u00e9t\u00e9 intellectuelle<\/h2>\n\n\n\n<p>L\u2019ensemble des contenus pr\u00e9sents sur ce site (textes, images, graphismes, logo, vid\u00e9os, etc.) est prot\u00e9g\u00e9 par le droit de la propri\u00e9t\u00e9 intellectuelle.<\/p>\n\n\n\n<p>Sauf mention contraire, ces contenus sont la propri\u00e9t\u00e9 exclusive de l\u2019\u00e9diteur.<\/p>\n\n\n\n<p>Toute reproduction, repr\u00e9sentation, modification, publication, adaptation de tout ou partie des \u00e9l\u00e9ments du site, quel que soit le moyen ou le proc\u00e9d\u00e9 utilis\u00e9, est interdite, sauf autorisation \u00e9crite pr\u00e9alable.<\/p>\n\n\n\n<hr class=\"wp-block-separator has-alpha-channel-opacity\"\/>\n\n\n\n<h2 class=\"wp-block-heading\">Responsabilit\u00e9<\/h2>\n\n\n\n<p>Les informations diffus\u00e9es sur ce site sont fournies \u00e0 titre indicatif et p\u00e9dagogique.<\/p>\n\n\n\n<p>L\u2019\u00e9diteur s\u2019efforce de fournir des informations aussi pr\u00e9cises que possible, mais ne saurait \u00eatre tenu responsable des omissions, des inexactitudes ou des carences dans la mise \u00e0 jour.<\/p>\n\n\n\n<p>L\u2019utilisateur est seul responsable de l\u2019utilisation qu\u2019il fait des informations fournies sur le site.<\/p>\n\n\n\n<hr class=\"wp-block-separator has-alpha-channel-opacity\"\/>\n\n\n\n<h2 class=\"wp-block-heading\">Donn\u00e9es personnelles<\/h2>\n\n\n\n<p>Le site peut \u00eatre amen\u00e9 \u00e0 collecter certaines donn\u00e9es personnelles (formulaire de contact, inscription \u00e0 une newsletter, etc.).<\/p>\n\n\n\n<p>Pour plus d\u2019informations sur la collecte et le traitement des donn\u00e9es personnelles, veuillez consulter la Politique de confidentialit\u00e9 du site.<\/p>\n\n\n\n<hr class=\"wp-block-separator has-alpha-channel-opacity\"\/>\n\n\n\n<h2 class=\"wp-block-heading\">Cookies<\/h2>\n\n\n\n<p>Le site peut utiliser des cookies afin d\u2019am\u00e9liorer l\u2019exp\u00e9rience utilisateur et r\u00e9aliser des statistiques de visite.<\/p>\n\n\n\n<p>L\u2019utilisateur est inform\u00e9 de l\u2019utilisation de cookies lors de sa premi\u00e8re visite et peut choisir de les accepter ou de les refuser.<\/p>\n\n\n\n<hr class=\"wp-block-separator has-alpha-channel-opacity\"\/>\n\n\n\n<h2 class=\"wp-block-heading\">Droit applicable<\/h2>\n\n\n\n<p>Le pr\u00e9sent site est soumis au droit fran\u00e7ais.<\/p>\n\n\n\n<p>En cas de litige, et \u00e0 d\u00e9faut de r\u00e9solution amiable, les tribunaux fran\u00e7ais seront seuls comp\u00e9tents.<\/p>\n","protected":false},"excerpt":{"rendered":"<p>\u00c9diteur du site Le pr\u00e9sent site est \u00e9dit\u00e9 par une personne physique. Conform\u00e9ment \u00e0 l\u2019article 6 III-2 de la loi n\u00b02004-575 du 21 juin 2004 pour la confiance dans l\u2019\u00e9conomie num\u00e9rique (LCEN), l\u2019identit\u00e9 de l\u2019\u00e9diteur a \u00e9t\u00e9 communiqu\u00e9e \u00e0 l\u2019h\u00e9bergeur du site. Pour toute demande, vous pouvez contacter l\u2019\u00e9diteur \u00e0 l\u2019adresse suivante : contact@culturefinances.com H\u00e9bergement [&hellip;]<\/p>\n","protected":false},"author":1,"featured_media":0,"parent":0,"menu_order":0,"comment_status":"closed","ping_status":"closed","template":"","meta":{"footnotes":""},"class_list":["post-153","page","type-page","status-publish","hentry"],"_links":{"self":[{"href":"https:\/\/culturefinances.com\/index.php\/wp-json\/wp\/v2\/pages\/153","targetHints":{"allow":["GET"]}}],"collection":[{"href":"https:\/\/culturefinances.com\/index.php\/wp-json\/wp\/v2\/pages"}],"about":[{"href":"https:\/\/culturefinances.com\/index.php\/wp-json\/wp\/v2\/types\/page"}],"author":[{"embeddable":true,"href":"https:\/\/culturefinances.com\/index.php\/wp-json\/wp\/v2\/users\/1"}],"replies":[{"embeddable":true,"href":"https:\/\/culturefinances.com\/index.php\/wp-json\/wp\/v2\/comments?post=153"}],"version-history":[{"count":4,"href":"https:\/\/culturefinances.com\/index.php\/wp-json\/wp\/v2\/pages\/153\/revisions"}],"predecessor-version":[{"id":158,"href":"https:\/\/culturefinances.com\/index.php\/wp-json\/wp\/v2\/pages\/153\/revisions\/158"}],"wp:attachment":[{"href":"https:\/\/culturefinances.com\/index.php\/wp-json\/wp\/v2\/media?parent=153"}],"curies":[{"name":"wp","href":"https:\/\/api.w.org\/{rel}","templated":true}]}}